{"id":632,"date":"2024-08-09T23:08:27","date_gmt":"2024-08-09T20:08:27","guid":{"rendered":"https:\/\/istestrellahealthgroup.com\/?page_id=632"},"modified":"2025-09-22T09:57:39","modified_gmt":"2025-09-22T06:57:39","slug":"anlasmali-kurumlar","status":"publish","type":"page","link":"https:\/\/istestrellahealthgroup.com\/?page_id=632","title":{"rendered":"ANLA\u015eMALI KURUMLAR"},"content":{"rendered":"\t\t<div data-elementor-type=\"wp-page\" data-elementor-id=\"632\" class=\"elementor elementor-632\">\n\t\t\t\t<div class=\"elementor-element elementor-element-49835819 e-flex e-con-boxed e-con e-parent\" data-id=\"49835819\" data-element_type=\"container\" data-core-v316-plus=\"true\">\n\t\t\t\t\t<div class=\"e-con-inner\">\n\t\t\t\t<div class=\"elementor-element elementor-element-54c978fa elementor-widget elementor-widget-text-editor\" data-id=\"54c978fa\" data-element_type=\"widget\" data-widget_type=\"text-editor.default\">\n\t\t\t\t<div class=\"elementor-widget-container\">\n\t\t\t<style>\/*! elementor - v3.20.0 - 26-03-2024 *\/\n.elementor-widget-text-editor.elementor-drop-cap-view-stacked .elementor-drop-cap{background-color:#69727d;color:#fff}.elementor-widget-text-editor.elementor-drop-cap-view-framed .elementor-drop-cap{color:#69727d;border:3px solid;background-color:transparent}.elementor-widget-text-editor:not(.elementor-drop-cap-view-default) .elementor-drop-cap{margin-top:8px}.elementor-widget-text-editor:not(.elementor-drop-cap-view-default) .elementor-drop-cap-letter{width:1em;height:1em}.elementor-widget-text-editor .elementor-drop-cap{float:left;text-align:center;line-height:1;font-size:50px}.elementor-widget-text-editor .elementor-drop-cap-letter{display:inline-block}<\/style>\t\t\t\t<p style=\"text-align: center;\"><span class=\"LineBreakBlob BlobObject DragDrop SCXW91013442 BCX0\"><strong>Dt. Onur \u00d6Z Muayenehanesi<\/strong><\/span><\/p><p><img fetchpriority=\"high\" decoding=\"async\" src=\"https:\/\/istestrellahealthgroup.com\/wp-content\/uploads\/2024\/08\/onur-284x300.jpg\" alt=\"\" width=\"284\" height=\"300\" class=\"size-medium wp-image-637 alignleft\" srcset=\"https:\/\/istestrellahealthgroup.com\/wp-content\/uploads\/2024\/08\/onur-284x300.jpg 284w, https:\/\/istestrellahealthgroup.com\/wp-content\/uploads\/2024\/08\/onur.jpg 482w\" sizes=\"(max-width: 284px) 100vw, 284px\" \/> <strong>DT.ONUR \u00d6Z<\/strong><\/p><p><strong>\u0130MPLANTOLOG VE D\u0130\u015e CERRAHI, PER\u0130ODONT\u0130ST<\/strong><\/p><p>MERHABA, BEN DT.ONUR \u00d6Z. \u0130MPLANTOLOG VE D\u0130\u015e CERRAHI, AYNI ZAMANDA PER\u0130ODONT\u0130ST OLARAK UZMANLIK ALANLARIMI \u0130CRA ETMEKTEY\u0130M. D\u0130\u015e HEK\u0130ML\u0130\u011e\u0130 YOLCULU\u011eUMA 2010 YILINDA \u0130STANBUL \u00dcN\u0130VERS\u0130TES\u0130 D\u0130\u015e HEK\u0130ML\u0130\u011e\u0130 FAK\u00dcLTES\u0130NDE BA\u015eLADIM VE 2015 YILINDA MEZUN OLDUM. E\u011e\u0130T\u0130M\u0130ME \u0130STANBUL \u00dcN\u0130VERS\u0130TES\u0130NDE DEVAM EDEREK PER\u0130ODONTOLOJ\u0130 VE \u0130MPLANTOLOJ\u0130 ALANINDA UZMANLA\u015eTIM VE 2023 YILINDA BU ALANDAK\u0130 E\u011e\u0130T\u0130M\u0130M\u0130 TAMAMLADIM. MESLEK\u0130 KARIYER\u0130MDE \u00c7E\u015e\u0130TL\u0130 KL\u0130N\u0130KLERDE VE HASTANELERDE DENEY\u0130M KAZANDIM. AYNI ZAMANDA ATLAS \u00dcN\u0130VERS\u0130TES\u0130NDE \u00d6\u011eRET\u0130M G\u00d6REVL\u0130S\u0130 OLARAKDA \u00c7ALI\u015eTIM. MESLE\u011e\u0130MDEK\u0130 UZMANLI\u011eIMI SADECE KL\u0130N\u0130K DENEY\u0130MLER\u0130MLE SINIRLI TUTMAYIP ULUSLARARASI PLATFORMLARDA DA SEM\u0130NERLERE KATILIP B\u0130LG\u0130LER ED\u0130N\u0130P PAYLA\u015eMAKTAN VE \u00d6\u011eRENMEKTEN KEY\u0130F ALIYORUM. BU NEDENLE \u00c7E\u015e\u0130TL\u0130 ULUSLARASI VE YEREL KURULU\u015eLARA \u00dcYEL\u0130\u011e\u0130M BULUNMAKTADIR. AMACIM HER HASTANIN BENZERS\u0130Z \u0130HT\u0130YA\u00c7LARINA UYGUN \u00c7\u00d6Z\u00dcMLER SUNARAK SA\u011eLIKLI B\u0130R G\u00dcL\u00dcMSEME VE MUTLU B\u0130R YA\u015eAM \u0130\u00c7\u0130N KATKIDA BULUNMAKTIR.<\/p><p style=\"text-align: center;\">SAYGILARIMLA<\/p><p style=\"text-align: center;\"><strong>DT.ONUR \u00d6Z<\/strong><\/p><p style=\"text-align: center;\"><a href=\"https:\/\/dt-onuroz.com\">https:\/\/dt-onuroz.com<\/a><\/p><p style=\"text-align: center;\"><span class=\"LineBreakBlob BlobObject DragDrop SCXW91013442 BCX0\"><strong>OP. DR. G\u00d6RKEM ATSAL MUAYENEHANES\u0130<\/strong><\/span><\/p><p><img decoding=\"async\" src=\"https:\/\/istestrellahealthgroup.com\/wp-content\/uploads\/2024\/08\/Ekran-goruntusu-2024-08-09-235543-191x300.png\" alt=\"\" width=\"191\" height=\"300\" class=\"wp-image-639 size-medium alignleft\" srcset=\"https:\/\/istestrellahealthgroup.com\/wp-content\/uploads\/2024\/08\/Ekran-goruntusu-2024-08-09-235543-191x300.png 191w, https:\/\/istestrellahealthgroup.com\/wp-content\/uploads\/2024\/08\/Ekran-goruntusu-2024-08-09-235543.png 411w\" sizes=\"(max-width: 191px) 100vw, 191px\" \/><\/p><p style=\"text-align: center;\">G\u00dcVENEB\u0130LECE\u011e\u0130N\u0130Z EN \u0130Y\u0130 KKB VE Y\u00dcZ KL\u0130N\u0130\u011e\u0130<\/p><p>KULAK BURUN BO\u011eAZ BAKIMI ALANINDA SE\u00c7K\u0130N B\u0130R \u0130S\u0130M OLAN DR.G\u00d6RKEM ATSAL L\u0130DERL\u0130\u011e\u0130NDEK\u0130 SON TEKNOLOJ\u0130YE SAH\u0130P KL\u0130N\u0130\u011e\u0130M\u0130ZDE ESTET\u0130K D\u00d6N\u00dc\u015e\u00dcM VE FONKS\u0130YONEL D\u00dcNYASINI KE\u015eFED\u0130N.<\/p><p>DR.G\u00d6RKEM ATLASIN KL\u0130N\u0130\u011e\u0130NDE HEM ESTET\u0130K G\u00dcZELL\u0130\u011eE HEMDE FONKS\u0130YONEL SA\u011eLI\u011eI \u0130Y\u0130LE\u015eT\u0130RMEYE Y\u00d6NEL\u0130K \u00c7E\u015e\u0130TL\u0130 Y\u00dcZ AMEL\u0130YATLARI KONUSUNDA UZMANIZ. KOZMET\u0130K \u0130Y\u0130LE\u015eT\u0130RMELERDE D\u00dcZELT\u0130C\u0130 PROSED\u00dcRLERE KADAR UZMANLI\u011eIMIZ \u00c7OK \u00c7E\u015e\u0130TL\u0130 CERRAH\u0130 M\u00dcDAHALELER\u0130 KAPSAMAKTADIR.<\/p><p style=\"text-align: center;\">SAYGILARIMLA<\/p><p style=\"text-align: center;\"><strong>OP.DR G\u00d6RKEM ATSAL<\/strong><\/p><p style=\"text-align: center;\"><a href=\"https:\/\/gorkematsal.com\">https:\/\/gorkematsal.com<\/a><\/p><p><b>\u00a0 \u00a0 \u00a0 \u00a0 \u00a0 \u00a0 \u00a0 \u00a0 \u00a0 \u00a0 \u00a0 \u00a0 \u00a0 \u00a0 \u00a0 \u00a0 \u00a0 \u00a0 \u00a0 \u00a0 \u00a0 \u00a0 \u00a0 \u00a0 \u00a0 \u00a0 \u00a0 \u00a0 \u00a0 \u00a0 \u00a0\u00d6ZEL B\u0130LGE HASTANES\u0130<br \/><\/b><img decoding=\"async\" src=\"https:\/\/istestrellahealthgroup.com\/wp-content\/uploads\/2025\/09\/bilgehastanesi-242x300.png\" alt=\"\" width=\"242\" height=\"300\" class=\"size-medium wp-image-654 alignleft\" srcset=\"https:\/\/istestrellahealthgroup.com\/wp-content\/uploads\/2025\/09\/bilgehastanesi-242x300.png 242w, https:\/\/istestrellahealthgroup.com\/wp-content\/uploads\/2025\/09\/bilgehastanesi.png 519w\" sizes=\"(max-width: 242px) 100vw, 242px\" \/><\/p><p><span><\/span><span>\u00a0 \u00a0 \u00a0 \u00a0 \u00a0 \u00a0 \u00a0 \u00a0 \u00a0 \u00a0 \u00a0 \u00a0 \u00a0 \u00a0 \u00a0 \u00a0 \u00a0 \u00a0 \u00a0 \u00a0 \u00a0 \u00a0 \u00a0 \u00a0 \u00a0 \u00a0 \u00a0 \u00a0 \u00a0 \u00a0 \u00a0 \u00a0 \u00a0 \u00a0 \u00a0 \u00a0 \u00a0 \u00a0 \u00a0 \u00a0 \u00a0 \u00a0 \u00a0 \u00a0 \u00a0 \u00a0 \u00a0 \u00a0 \u00a0 \u00a0 \u00a0 \u00a0 \u00a0 \u00a0 \u00a0 \u00a0 \u00a0 \u00a0 \u00a0 \u00a0 \u00a0 \u00a0 \u00a0 \u00a0 \u00a0 \u00a0 \u00a0 \u00a0 \u00a0 \u00a0 \u00a0 \u00a0 \u00a0 \u00a0 \u00a0 \u00a0 \u00a0 \u00a0 \u00a0 \u00a0 \u00a0 \u00a0 \u00a0 \u00a0 \u00a0 \u00a0 \u00a0 \u00a0 \u00a0 \u00a0 \u00a0 \u00a0 \u00a0 \u00a0 \u00a0 \u00a0 \u00a0 \u00a0 \u00a0 \u00a0 \u00a0 \u00a0 \u00a0 \u00a0 3 Ameliyathane, 2 Do\u011fumhane, 40 Yatak, 4 G\u00f6zlem yata\u011f\u0131 ( 28 Hasta Odas\u0131 , 10 yatakl\u0131 Yeni Do\u011fan Yo\u011fun Bak\u0131m \u00dcnitesi, 2 Eri\u015fkin Yo\u011fun Bak\u0131m \u00dcnitesi) 20 Poliklinik, 2 Endoskopi \u00fcnitesinden Tomografiye, 24 saat Acil ve Ambulans hizmetinden Yo\u011fun Bak\u0131ma, G\u00fcvenli\u011finden Eczac\u0131s\u0131na, 200\u2019\u00fc a\u015fk\u0131n personeliyle 25 y\u0131ll\u0131k b\u00fcy\u00fck bir aile\u2026<\/span><\/p><p>https:\/\/www.bilgehastanesi.com\/\u00a0<\/p>\t\t\t\t\t\t<\/div>\n\t\t\t\t<\/div>\n\t\t\t\t\t<\/div>\n\t\t\t\t<\/div>\n\t\t\t\t<\/div>\n\t\t","protected":false},"excerpt":{"rendered":"<p>Dt. Onur \u00d6Z Muayenehanesi DT.ONUR \u00d6Z \u0130MPLANTOLOG VE D\u0130\u015e CERRAHI, PER\u0130ODONT\u0130ST MERHABA, BEN DT.ONUR \u00d6Z. \u0130MPLANTOLOG VE D\u0130\u015e CERRAHI, AYNI ZAMANDA PER\u0130ODONT\u0130ST OLARAK UZMANLIK ALANLARIMI \u0130CRA ETMEKTEY\u0130M. D\u0130\u015e HEK\u0130ML\u0130\u011e\u0130 YOLCULU\u011eUMA 2010 YILINDA \u0130STANBUL \u00dcN\u0130VERS\u0130TES\u0130 D\u0130\u015e HEK\u0130ML\u0130\u011e\u0130 FAK\u00dcLTES\u0130NDE BA\u015eLADIM VE 2015 YILINDA MEZUN OLDUM. E\u011e\u0130T\u0130M\u0130ME \u0130STANBUL \u00dcN\u0130VERS\u0130TES\u0130NDE DEVAM EDEREK PER\u0130ODONTOLOJ\u0130 VE [&hellip;]<\/p>\n","protected":false},"author":1,"featured_media":0,"parent":0,"menu_order":0,"comment_status":"closed","ping_status":"closed","template":"","meta":{"footnotes":""},"class_list":["post-632","page","type-page","status-publish","hentry"],"_links":{"self":[{"href":"https:\/\/istestrellahealthgroup.com\/index.php?rest_route=\/wp\/v2\/pages\/632","targetHints":{"allow":["GET"]}}],"collection":[{"href":"https:\/\/istestrellahealthgroup.com\/index.php?rest_route=\/wp\/v2\/pages"}],"about":[{"href":"https:\/\/istestrellahealthgroup.com\/index.php?rest_route=\/wp\/v2\/types\/page"}],"author":[{"embeddable":true,"href":"https:\/\/istestrellahealthgroup.com\/index.php?rest_route=\/wp\/v2\/users\/1"}],"replies":[{"embeddable":true,"href":"https:\/\/istestrellahealthgroup.com\/index.php?rest_route=%2Fwp%2Fv2%2Fcomments&post=632"}],"version-history":[{"count":7,"href":"https:\/\/istestrellahealthgroup.com\/index.php?rest_route=\/wp\/v2\/pages\/632\/revisions"}],"predecessor-version":[{"id":659,"href":"https:\/\/istestrellahealthgroup.com\/index.php?rest_route=\/wp\/v2\/pages\/632\/revisions\/659"}],"wp:attachment":[{"href":"https:\/\/istestrellahealthgroup.com\/index.php?rest_route=%2Fwp%2Fv2%2Fmedia&parent=632"}],"curies":[{"name":"wp","href":"https:\/\/api.w.org\/{rel}","templated":true}]}}